{"id":2218,"date":"2023-03-10T13:53:07","date_gmt":"2023-03-10T13:53:07","guid":{"rendered":"https:\/\/www.attianeseconserve.com\/it\/?page_id=2218"},"modified":"2023-03-10T13:57:59","modified_gmt":"2023-03-10T13:57:59","slug":"informativa-recruitment","status":"publish","type":"page","link":"https:\/\/www.attianeseconserve.com\/it\/informativa-recruitment\/","title":{"rendered":"Informativa recruitment"},"content":{"rendered":"<section id=\"bt_bb_section69eb56d455b28\" class=\"bt_bb_section bt_bb_layout_boxed_1200 bt_bb_vertical_align_top bt_bb_top_spacing_normal bt_bb_bottom_spacing_normal\"  data-bt-override-class=\"null\"><div class=\"bt_bb_port\"><div class=\"bt_bb_cell\"><div class=\"bt_bb_cell_inner\"><div class=\"bt_bb_row_wrapper\"><div  class=\"bt_bb_row\"  data-bt-override-class=\"{}\"><div  class=\"bt_bb_column col-xxl-12 col-xl-12 col-xs-12 col-sm-12 col-md-12 col-lg-12 bt_bb_vertical_align_top bt_bb_align_left bt_bb_padding_normal\"  data-width=\"12\" data-bt-override-class=\"{}\"><div class=\"bt_bb_column_content\"><div class=\"bt_bb_column_content_inner\"><div  class=\"bt_bb_text\" ><p style=\"text-align: left;\"><strong>INFORMATIVA CANDIDATI IN MATERIA DI PROTEZIONE DEI DATI PERSONALI<\/strong><br \/>\n*******<br \/>\nIn attuazione del regolamento UE 2016\/679 (\u201cGDPR\u201d) le forniamo le seguenti informazioni in merito al trattamento dei Suoi dati personali e alle finalit\u00e0 dello stesso.<br \/>\nLa raccolta dei dati avviene attraverso la registrazione tramite compilazione del form presente sulla pagina \u201cContattaci\u201d e, in ottemperanza al GDPR, il trattamento \u00e8 improntato a principi di liceit\u00e0, correttezza, trasparenza e tutela della riservatezza.<br \/>\nI Suoi dati personali sono utilizzati per le procedure di selezione, in particolare, per procedere alla verifica dei presupposti per la selezione, l&#8217;assunzione e\/o per una eventuale collaborazione lavorativa, come da Sua richiesta.<\/p>\n<p style=\"text-align: left;\"><strong>Titolare del trattamento<\/strong><br \/>\nTitolare del trattamento \u00e8 la soc. Attianese S.p.a. con sede legale in Via Nazionale, km 41, 850 SN 84015, Nocera Superiore (Sa) Partita IVA 04634130654 in persona del legale rappresentante pro tempore.<\/p>\n<p style=\"text-align: left;\"><strong>Dati personali oggetto di trattamento<\/strong><br \/>\nIn particolare, i dati personali in questione riguardano:<br \/>\nNominativo, indirizzo di residenza, numero di telefono, indirizzo e-mail dati relativi al lavoro, il curriculum di studi e lavorativo.<\/p>\n<p style=\"text-align: left;\"><strong>Dati considerati &#8220;particolari&#8221;<\/strong><br \/>\nSu base eventuale ed eccezionale, su iniziativa del candidato stesso che decida di rivelarli, il Titolare pu\u00f2 venire a conoscenza dell&#8217;eventuale appartenenza dell&#8217;Interessato alle categorie protette, ovvero di altri dati personali rientranti, secondo la terminologia della Legge, nella categoria dei dati &#8220;particolari&#8221;, come quelli idonei a rivelare l&#8217;originale razziale ed etnica, le convinzioni religiose, filosofiche o di altro genere, le opinioni politiche, l&#8217;adesione a partiti, sindacati, associazioni od organizzazioni a carattere religioso, filosofico, politico o sindacale; nonch\u00e9 i dati personali idonei a rivelare lo stato di salute e la vita sessuale.<\/p>\n<p style=\"text-align: left;\"><strong>Natura del conferimento<\/strong><br \/>\nIl conferimento dei dati \u00e8 facoltativo ed \u00e8 rimesso alla volont\u00e0 del candidato che, senza sollecitazione alcuna da parte del Titolare, presenti il proprio curriculum vitae e compili il form. Il mancato conferimento comporta l&#8217;impossibilit\u00e0 di procedere alla verifica dei presupposti per le procedure di selezione, l&#8217;assunzione e\/o per l&#8217;avvio di una eventuale collaborazione lavorativa con il Titolare.<\/p>\n<p style=\"text-align: left;\"><strong>Modalit\u00e0 d&#8217;uso dei dati<\/strong><br \/>\nI dati personali possono essere trattati, oltre che con mezzi elettronici, anche con strumenti non automatizzati, e il trattamento \u00e8 effettuato unicamente con operazioni, nonch\u00e9 con logiche e mediante forme di organizzazione dei dati strettamente indispensabili in rapporto ai sopra indicati obblighi, compiti o finalit\u00e0.<br \/>\nI dati sono raccolti, di regola, presso l\u2019interessato.<\/p>\n<p style=\"text-align: left;\"><strong>Ambito di circolazione dei dati<\/strong><br \/>\nI dati possono essere utilizzati da personale del Titolare cui \u00e8 stato assegnato uno specifico ruolo e a cui sono state impartite adeguate istruzioni operative al fine di evitare perdite, distruzione, accessi non autorizzati o trattamenti non consentiti dei dati stessi. I suoi dati personali saranno resi accessibili solo a coloro i quali, all&#8217;interno dell&#8217;organizzazione aziendale, ne abbiano necessit\u00e0 a causa della propria mansione o posizione gerarchica.<br \/>\nPotranno utilizzare i dati anche aziende terze che svolgono attivit\u00e0 strumentali per conto del Titolare, queste ultime agiscono in qualit\u00e0 di responsabili esterni del trattamento e sotto la direzione ed il controllo del Titolare.<br \/>\nL&#8217;elenco aggiornato dei Responsabili del trattamento \u00e8 disponibile inoltrando richiesta a privacy@attianese.it I suoi dati non saranno oggetto di diffusione presso destinatari indeterminati.<\/p>\n<p style=\"text-align: left;\"><strong>Trasferimento dei dati all&#8217;estero<\/strong><br \/>\nI suoi dati non saranno trasmessi all&#8217;estero.<\/p>\n<p style=\"text-align: left;\"><strong>Tempi di conservazione dei dati<\/strong><br \/>\nI dati saranno conservati per il tempo necessario agli adempimenti previsti per la selezione del candidato e comunque non oltre 2 anni dalla loro raccolta salvo l&#8217;eventuale instaurazione del rapporto di lavoro e\/o di collaborazione.<\/p>\n<p style=\"text-align: left;\"><strong>Non necessit\u00e0 del consenso<\/strong><br \/>\nIl Suo consenso al trattamento non \u00e8 necessario in quanto il trattamento riguarda dati contenuti nei curricula spontaneamente trasmessi dagli interessati ai fini dell&#8217;eventuale instaurazione di un rapporto di lavoro\/collaborazione. Altrettanto per gli eventuali dati particolari trasmessi con le stesse modalit\u00e0 dall&#8217;interessato, per i quali il consenso \u00e8 escluso dall\u2019attuale normativa nazionale e dell\u2019Unione europea.<\/p>\n<p style=\"text-align: left;\"><strong>Esercizio dei diritti<\/strong><br \/>\nIn ogni momento Ella potr\u00e0 avere accesso ai Suoi dati personali, ottenerne la rettifica o la cancellazione, o la limitazione del trattamento nei casi previsti dalla legge, oppure potr\u00e0 opporsi al loro utilizzo in presenza di un legittimo interesse del Titolare oppure potr\u00e0 esercitare il diritto alla portabilit\u00e0 dei dati, nei casi consentiti, nonch\u00e9 potr\u00e0 ottenere l&#8217;elenco aggiornato dei Responsabili del trattamento.<br \/>\nLe ricordiamo altres\u00ec che Ella ha anche il diritto di proporre reclamo al Garante italiano per la protezione dei dati personali qualora ritenga che i suoi diritti non siano stati rispettati o che non abbia ricevuto riscontro alle sue richieste secondo legge.<\/p>\n<p style=\"text-align: left;\"><strong>Modalit\u00e0 di esercizio dei diritti<\/strong><br \/>\nPer l&#8217;esercizio dei diritti si potr\u00e0 rivolgere al Titolare:<br \/>\nvia mail al seguente indirizzo: <a href=\"mailto:privacy@attianese.it\"><strong>privacy@attianese.it<\/strong><\/a><br \/>\nvia posta raccomandata al seguente indirizzo: Via Nazionale, km 41, 850 SN 84015, Nocera Superiore (Sa)<\/p>\n<\/div><\/div><\/div><\/div><\/div><\/div><\/div><!-- cell_inner --><\/div><!-- cell --><\/div><!-- port --><\/section>","protected":false},"excerpt":{"rendered":"","protected":false},"author":1,"featured_media":0,"parent":0,"menu_order":0,"comment_status":"closed","ping_status":"closed","template":"","meta":{"footnotes":""},"class_list":["post-2218","page","type-page","status-publish","hentry"],"yoast_head":"<!-- This site is optimized with the Yoast SEO plugin v21.2 - https:\/\/yoast.com\/wordpress\/plugins\/seo\/ -->\n<title>Informativa recruitment - Attianese conserve<\/title>\n<meta name=\"description\" content=\"Attianese Conserve dal 1925: amore per la terra e passione per sapori autentici. Scopri la tradizione culinaria italiana sulla tua tavola!\" \/>\n<meta name=\"robots\" content=\"index, follow, max-snippet:-1, max-image-preview:large, max-video-preview:-1\" \/>\n<link rel=\"canonical\" href=\"https:\/\/www.attianeseconserve.com\/it\/informativa-recruitment\/\" \/>\n<meta property=\"og:locale\" content=\"it_IT\" \/>\n<meta property=\"og:type\" content=\"article\" \/>\n<meta property=\"og:title\" content=\"Informativa recruitment - Attianese conserve\" \/>\n<meta property=\"og:description\" content=\"Attianese Conserve dal 1925: amore per la terra e passione per sapori autentici. Scopri la tradizione culinaria italiana sulla tua tavola!\" \/>\n<meta property=\"og:url\" content=\"https:\/\/www.attianeseconserve.com\/it\/informativa-recruitment\/\" \/>\n<meta property=\"og:site_name\" content=\"Attianese conserve\" \/>\n<meta property=\"article:publisher\" content=\"https:\/\/www.facebook.com\/Attianese-spa-473155196137686\/\" \/>\n<meta property=\"article:modified_time\" content=\"2023-03-10T13:57:59+00:00\" \/>\n<meta property=\"og:image\" content=\"https:\/\/www.attianeseconserve.com\/wp-content\/uploads\/2022\/01\/logo2-1.png\" \/>\n\t<meta property=\"og:image:width\" content=\"294\" \/>\n\t<meta property=\"og:image:height\" content=\"70\" \/>\n\t<meta property=\"og:image:type\" content=\"image\/png\" \/>\n<meta name=\"twitter:card\" content=\"summary_large_image\" \/>\n<meta name=\"twitter:label1\" content=\"Tempo di lettura stimato\" \/>\n\t<meta name=\"twitter:data1\" content=\"5 minuti\" \/>\n<script type=\"application\/ld+json\" class=\"yoast-schema-graph\">{\"@context\":\"https:\/\/schema.org\",\"@graph\":[{\"@type\":\"WebPage\",\"@id\":\"https:\/\/www.attianeseconserve.com\/it\/informativa-recruitment\/\",\"url\":\"https:\/\/www.attianeseconserve.com\/it\/informativa-recruitment\/\",\"name\":\"Informativa recruitment - Attianese conserve\",\"isPartOf\":{\"@id\":\"https:\/\/www.attianeseconserve.com\/it\/#website\"},\"datePublished\":\"2023-03-10T13:53:07+00:00\",\"dateModified\":\"2023-03-10T13:57:59+00:00\",\"description\":\"Attianese Conserve dal 1925: amore per la terra e passione per sapori autentici. Scopri la tradizione culinaria italiana sulla tua tavola!\",\"breadcrumb\":{\"@id\":\"https:\/\/www.attianeseconserve.com\/it\/informativa-recruitment\/#breadcrumb\"},\"inLanguage\":\"it-IT\",\"potentialAction\":[{\"@type\":\"ReadAction\",\"target\":[\"https:\/\/www.attianeseconserve.com\/it\/informativa-recruitment\/\"]}]},{\"@type\":\"BreadcrumbList\",\"@id\":\"https:\/\/www.attianeseconserve.com\/it\/informativa-recruitment\/#breadcrumb\",\"itemListElement\":[{\"@type\":\"ListItem\",\"position\":1,\"name\":\"Home\",\"item\":\"https:\/\/www.attianeseconserve.com\/it\/\"},{\"@type\":\"ListItem\",\"position\":2,\"name\":\"Informativa recruitment\"}]},{\"@type\":\"WebSite\",\"@id\":\"https:\/\/www.attianeseconserve.com\/it\/#website\",\"url\":\"https:\/\/www.attianeseconserve.com\/it\/\",\"name\":\"Attianese conserve\",\"description\":\"Food Industry\",\"publisher\":{\"@id\":\"https:\/\/www.attianeseconserve.com\/it\/#organization\"},\"potentialAction\":[{\"@type\":\"SearchAction\",\"target\":{\"@type\":\"EntryPoint\",\"urlTemplate\":\"https:\/\/www.attianeseconserve.com\/it\/?s={search_term_string}\"},\"query-input\":\"required name=search_term_string\"}],\"inLanguage\":\"it-IT\"},{\"@type\":\"Organization\",\"@id\":\"https:\/\/www.attianeseconserve.com\/it\/#organization\",\"name\":\"Attianese Conserve\",\"url\":\"https:\/\/www.attianeseconserve.com\/it\/\",\"logo\":{\"@type\":\"ImageObject\",\"inLanguage\":\"it-IT\",\"@id\":\"https:\/\/www.attianeseconserve.com\/it\/#\/schema\/logo\/image\/\",\"url\":\"https:\/\/www.attianeseconserve.com\/wp-content\/uploads\/2022\/01\/logo2-1.png\",\"contentUrl\":\"https:\/\/www.attianeseconserve.com\/wp-content\/uploads\/2022\/01\/logo2-1.png\",\"width\":294,\"height\":70,\"caption\":\"Attianese Conserve\"},\"image\":{\"@id\":\"https:\/\/www.attianeseconserve.com\/it\/#\/schema\/logo\/image\/\"},\"sameAs\":[\"https:\/\/www.facebook.com\/Attianese-spa-473155196137686\/\",\"https:\/\/it.linkedin.com\/company\/attianese-spa\"]}]}<\/script>\n<!-- \/ Yoast SEO plugin. -->","yoast_head_json":{"title":"Informativa recruitment - Attianese conserve","description":"Attianese Conserve dal 1925: amore per la terra e passione per sapori autentici. Scopri la tradizione culinaria italiana sulla tua tavola!","robots":{"index":"index","follow":"follow","max-snippet":"max-snippet:-1","max-image-preview":"max-image-preview:large","max-video-preview":"max-video-preview:-1"},"canonical":"https:\/\/www.attianeseconserve.com\/it\/informativa-recruitment\/","og_locale":"it_IT","og_type":"article","og_title":"Informativa recruitment - Attianese conserve","og_description":"Attianese Conserve dal 1925: amore per la terra e passione per sapori autentici. Scopri la tradizione culinaria italiana sulla tua tavola!","og_url":"https:\/\/www.attianeseconserve.com\/it\/informativa-recruitment\/","og_site_name":"Attianese conserve","article_publisher":"https:\/\/www.facebook.com\/Attianese-spa-473155196137686\/","article_modified_time":"2023-03-10T13:57:59+00:00","og_image":[{"width":294,"height":70,"url":"https:\/\/www.attianeseconserve.com\/wp-content\/uploads\/2022\/01\/logo2-1.png","type":"image\/png"}],"twitter_card":"summary_large_image","twitter_misc":{"Tempo di lettura stimato":"5 minuti"},"schema":{"@context":"https:\/\/schema.org","@graph":[{"@type":"WebPage","@id":"https:\/\/www.attianeseconserve.com\/it\/informativa-recruitment\/","url":"https:\/\/www.attianeseconserve.com\/it\/informativa-recruitment\/","name":"Informativa recruitment - Attianese conserve","isPartOf":{"@id":"https:\/\/www.attianeseconserve.com\/it\/#website"},"datePublished":"2023-03-10T13:53:07+00:00","dateModified":"2023-03-10T13:57:59+00:00","description":"Attianese Conserve dal 1925: amore per la terra e passione per sapori autentici. Scopri la tradizione culinaria italiana sulla tua tavola!","breadcrumb":{"@id":"https:\/\/www.attianeseconserve.com\/it\/informativa-recruitment\/#breadcrumb"},"inLanguage":"it-IT","potentialAction":[{"@type":"ReadAction","target":["https:\/\/www.attianeseconserve.com\/it\/informativa-recruitment\/"]}]},{"@type":"BreadcrumbList","@id":"https:\/\/www.attianeseconserve.com\/it\/informativa-recruitment\/#breadcrumb","itemListElement":[{"@type":"ListItem","position":1,"name":"Home","item":"https:\/\/www.attianeseconserve.com\/it\/"},{"@type":"ListItem","position":2,"name":"Informativa recruitment"}]},{"@type":"WebSite","@id":"https:\/\/www.attianeseconserve.com\/it\/#website","url":"https:\/\/www.attianeseconserve.com\/it\/","name":"Attianese conserve","description":"Food Industry","publisher":{"@id":"https:\/\/www.attianeseconserve.com\/it\/#organization"},"potentialAction":[{"@type":"SearchAction","target":{"@type":"EntryPoint","urlTemplate":"https:\/\/www.attianeseconserve.com\/it\/?s={search_term_string}"},"query-input":"required name=search_term_string"}],"inLanguage":"it-IT"},{"@type":"Organization","@id":"https:\/\/www.attianeseconserve.com\/it\/#organization","name":"Attianese Conserve","url":"https:\/\/www.attianeseconserve.com\/it\/","logo":{"@type":"ImageObject","inLanguage":"it-IT","@id":"https:\/\/www.attianeseconserve.com\/it\/#\/schema\/logo\/image\/","url":"https:\/\/www.attianeseconserve.com\/wp-content\/uploads\/2022\/01\/logo2-1.png","contentUrl":"https:\/\/www.attianeseconserve.com\/wp-content\/uploads\/2022\/01\/logo2-1.png","width":294,"height":70,"caption":"Attianese Conserve"},"image":{"@id":"https:\/\/www.attianeseconserve.com\/it\/#\/schema\/logo\/image\/"},"sameAs":["https:\/\/www.facebook.com\/Attianese-spa-473155196137686\/","https:\/\/it.linkedin.com\/company\/attianese-spa"]}]}},"_links":{"self":[{"href":"https:\/\/www.attianeseconserve.com\/it\/wp-json\/wp\/v2\/pages\/2218","targetHints":{"allow":["GET"]}}],"collection":[{"href":"https:\/\/www.attianeseconserve.com\/it\/wp-json\/wp\/v2\/pages"}],"about":[{"href":"https:\/\/www.attianeseconserve.com\/it\/wp-json\/wp\/v2\/types\/page"}],"author":[{"embeddable":true,"href":"https:\/\/www.attianeseconserve.com\/it\/wp-json\/wp\/v2\/users\/1"}],"replies":[{"embeddable":true,"href":"https:\/\/www.attianeseconserve.com\/it\/wp-json\/wp\/v2\/comments?post=2218"}],"version-history":[{"count":3,"href":"https:\/\/www.attianeseconserve.com\/it\/wp-json\/wp\/v2\/pages\/2218\/revisions"}],"predecessor-version":[{"id":2222,"href":"https:\/\/www.attianeseconserve.com\/it\/wp-json\/wp\/v2\/pages\/2218\/revisions\/2222"}],"wp:attachment":[{"href":"https:\/\/www.attianeseconserve.com\/it\/wp-json\/wp\/v2\/media?parent=2218"}],"curies":[{"name":"wp","href":"https:\/\/api.w.org\/{rel}","templated":true}]}}